{"id":549,"date":"2024-04-17T19:37:59","date_gmt":"2024-04-17T22:37:59","guid":{"rendered":"https:\/\/turismoes.com.br\/portal\/?page_id=549"},"modified":"2024-05-23T10:42:03","modified_gmt":"2024-05-23T13:42:03","slug":"fale-conosco","status":"publish","type":"page","link":"https:\/\/turismoes.com.br\/portal\/?page_id=549","title":{"rendered":"Fale Conosco"},"content":{"rendered":"\t\t<div data-elementor-type=\"wp-page\" data-elementor-id=\"549\" class=\"elementor elementor-549\">\n\t\t\t\t<div class=\"elementor-element elementor-element-8b3f656 e-flex e-con-boxed wpr-particle-no wpr-jarallax-no wpr-parallax-no wpr-sticky-section-no e-con e-parent\" data-id=\"8b3f656\" data-element_type=\"container\">\n\t\t\t\t\t<div class=\"e-con-inner\">\n\t\t\t\t<div class=\"elementor-element elementor-element-409e8c9 elementor-widget elementor-widget-text-editor\" data-id=\"409e8c9\" data-element_type=\"widget\" data-widget_type=\"text-editor.default\">\n\t\t\t\t<div class=\"elementor-widget-container\">\n\t\t\t<style>\/*! elementor - v3.23.0 - 25-07-2024 *\/\n.elementor-widget-text-editor.elementor-drop-cap-view-stacked .elementor-drop-cap{background-color:#69727d;color:#fff}.elementor-widget-text-editor.elementor-drop-cap-view-framed .elementor-drop-cap{color:#69727d;border:3px solid;background-color:transparent}.elementor-widget-text-editor:not(.elementor-drop-cap-view-default) .elementor-drop-cap{margin-top:8px}.elementor-widget-text-editor:not(.elementor-drop-cap-view-default) .elementor-drop-cap-letter{width:1em;height:1em}.elementor-widget-text-editor .elementor-drop-cap{float:left;text-align:center;line-height:1;font-size:50px}.elementor-widget-text-editor .elementor-drop-cap-letter{display:inline-block}<\/style>\t\t\t\t<p>Ol\u00e1! Seja bem-vindo ao nosso espa\u00e7o de contato. Estamos aqui para responder suas d\u00favidas, ouvir suas sugest\u00f5es e oferecer informa\u00e7\u00f5es sobre o turismo no Esp\u00edrito Santo. Envie sua mensagem e responderemos o mais breve poss\u00edvel. Obrigado por visitar o site Turismo Esp\u00edrito Santo e aguardamos o seu contato!<\/p>\t\t\t\t\t\t<\/div>\n\t\t\t\t<\/div>\n\t\t\t\t\t<\/div>\n\t\t\t\t<\/div>\n\t\t<div class=\"elementor-element elementor-element-6292284 e-flex e-con-boxed wpr-particle-no wpr-jarallax-no wpr-parallax-no wpr-sticky-section-no e-con e-parent\" data-id=\"6292284\" data-element_type=\"container\">\n\t\t\t\t\t<div class=\"e-con-inner\">\n\t\t\t\t<div class=\"elementor-element elementor-element-1ae981c elementor-widget elementor-widget-html\" data-id=\"1ae981c\" data-element_type=\"widget\" data-widget_type=\"html.default\">\n\t\t\t\t<div class=\"elementor-widget-container\">\n\t\t\t <iframe id=\"JotFormIFrame-241434207439050\" title=\"Formul\u00e1rio de Contato Turismo ES\" onload=\"window.parent.scrollTo(0,0)\" allowtransparency=\"true\" allow=\"geolocation; microphone; camera; fullscreen\" src=\"https:\/\/form.jotform.com\/241434207439050\" frameborder=\"0\" style=\"min-width:100%;max-width:100%;height:539px;border:none;\" scrolling=\"no\" > <\/iframe> <script src='https:\/\/cdn.jotfor.ms\/s\/umd\/latest\/for-form-embed-handler.js'><\/script> <script>window.jotformEmbedHandler(\"iframe[id='JotFormIFrame-241434207439050']\", \"https:\/\/form.jotform.com\/\")<\/script> \t\t<\/div>\n\t\t\t\t<\/div>\n\t\t\t\t\t<\/div>\n\t\t\t\t<\/div>\n\t\t\t\t<\/div>\n\t\t","protected":false},"excerpt":{"rendered":"<p>Ol\u00e1! Seja bem-vindo ao nosso espa\u00e7o de contato. Estamos aqui para responder suas d\u00favidas, ouvir suas sugest\u00f5es e oferecer informa\u00e7\u00f5es sobre o turismo no Esp\u00edrito Santo. Envie sua mensagem e responderemos o mais breve poss\u00edvel. Obrigado por visitar o site Turismo Esp\u00edrito Santo e aguardamos o seu contato!<\/p>\n","protected":false},"author":1,"featured_media":0,"parent":0,"menu_order":0,"comment_status":"closed","ping_status":"closed","template":"","meta":{"_joinchat":[],"footnotes":""},"class_list":["post-549","page","type-page","status-publish","hentry"],"yoast_head":"<!-- This site is optimized with the Yoast SEO plugin v23.1 - https:\/\/yoast.com\/wordpress\/plugins\/seo\/ -->\n<title>Fale Conosco - Turismo ES<\/title>\n<meta name=\"robots\" content=\"index, follow, max-snippet:-1, max-image-preview:large, max-video-preview:-1\" \/>\n<link rel=\"canonical\" href=\"https:\/\/turismoes.com.br\/portal\/?page_id=549\" \/>\n<meta property=\"og:locale\" content=\"pt_BR\" \/>\n<meta property=\"og:type\" content=\"article\" \/>\n<meta property=\"og:title\" content=\"Fale Conosco - Turismo ES\" \/>\n<meta property=\"og:description\" content=\"Ol\u00e1! Seja bem-vindo ao nosso espa\u00e7o de contato. Estamos aqui para responder suas d\u00favidas, ouvir suas sugest\u00f5es e oferecer informa\u00e7\u00f5es sobre o turismo no Esp\u00edrito Santo. Envie sua mensagem e responderemos o mais breve poss\u00edvel. Obrigado por visitar o site Turismo Esp\u00edrito Santo e aguardamos o seu contato!\" \/>\n<meta property=\"og:url\" content=\"https:\/\/turismoes.com.br\/portal\/?page_id=549\" \/>\n<meta property=\"og:site_name\" content=\"Turismo ES\" \/>\n<meta property=\"article:modified_time\" content=\"2024-05-23T13:42:03+00:00\" \/>\n<meta property=\"og:image\" content=\"https:\/\/turismoes.com.br\/portal\/wp-content\/uploads\/2024\/07\/Capa.png?wsr\" \/>\n\t<meta property=\"og:image:width\" content=\"1393\" \/>\n\t<meta property=\"og:image:height\" content=\"906\" \/>\n\t<meta property=\"og:image:type\" content=\"image\/png\" \/>\n<meta name=\"twitter:card\" content=\"summary_large_image\" \/>\n<script type=\"application\/ld+json\" class=\"yoast-schema-graph\">{\"@context\":\"https:\/\/schema.org\",\"@graph\":[{\"@type\":\"WebPage\",\"@id\":\"https:\/\/turismoes.com.br\/portal\/?page_id=549\",\"url\":\"https:\/\/turismoes.com.br\/portal\/?page_id=549\",\"name\":\"Fale Conosco - Turismo ES\",\"isPartOf\":{\"@id\":\"https:\/\/turismoes.com.br\/portal\/#website\"},\"datePublished\":\"2024-04-17T22:37:59+00:00\",\"dateModified\":\"2024-05-23T13:42:03+00:00\",\"breadcrumb\":{\"@id\":\"https:\/\/turismoes.com.br\/portal\/?page_id=549#breadcrumb\"},\"inLanguage\":\"pt-BR\",\"potentialAction\":[{\"@type\":\"ReadAction\",\"target\":[\"https:\/\/turismoes.com.br\/portal\/?page_id=549\"]}]},{\"@type\":\"BreadcrumbList\",\"@id\":\"https:\/\/turismoes.com.br\/portal\/?page_id=549#breadcrumb\",\"itemListElement\":[{\"@type\":\"ListItem\",\"position\":1,\"name\":\"In\u00edcio\",\"item\":\"https:\/\/turismoes.com.br\/portal\/\"},{\"@type\":\"ListItem\",\"position\":2,\"name\":\"Fale Conosco\"}]},{\"@type\":\"WebSite\",\"@id\":\"https:\/\/turismoes.com.br\/portal\/#website\",\"url\":\"https:\/\/turismoes.com.br\/portal\/\",\"name\":\"Turismo ES\",\"description\":\"O seu portal de turismo do Espirito Santo\",\"publisher\":{\"@id\":\"https:\/\/turismoes.com.br\/portal\/#organization\"},\"alternateName\":\"Turismo Esp\u00edrito Santo\",\"potentialAction\":[{\"@type\":\"SearchAction\",\"target\":{\"@type\":\"EntryPoint\",\"urlTemplate\":\"https:\/\/turismoes.com.br\/portal\/?s={search_term_string}\"},\"query-input\":\"required name=search_term_string\"}],\"inLanguage\":\"pt-BR\"},{\"@type\":\"Organization\",\"@id\":\"https:\/\/turismoes.com.br\/portal\/#organization\",\"name\":\"Turismo ES\",\"alternateName\":\"Turismo Esp\u00edrito Santo\",\"url\":\"https:\/\/turismoes.com.br\/portal\/\",\"logo\":{\"@type\":\"ImageObject\",\"inLanguage\":\"pt-BR\",\"@id\":\"https:\/\/turismoes.com.br\/portal\/#\/schema\/logo\/image\/\",\"url\":\"https:\/\/turismoes.com.br\/portal\/wp-content\/uploads\/2024\/01\/logoturismo.png\",\"contentUrl\":\"https:\/\/turismoes.com.br\/portal\/wp-content\/uploads\/2024\/01\/logoturismo.png\",\"width\":511,\"height\":145,\"caption\":\"Turismo ES\"},\"image\":{\"@id\":\"https:\/\/turismoes.com.br\/portal\/#\/schema\/logo\/image\/\"},\"sameAs\":[\"https:\/\/www.instagram.com\/turismoestadoes\/\"]}]}<\/script>\n<!-- \/ Yoast SEO plugin. -->","yoast_head_json":{"title":"Fale Conosco - Turismo ES","robots":{"index":"index","follow":"follow","max-snippet":"max-snippet:-1","max-image-preview":"max-image-preview:large","max-video-preview":"max-video-preview:-1"},"canonical":"https:\/\/turismoes.com.br\/portal\/?page_id=549","og_locale":"pt_BR","og_type":"article","og_title":"Fale Conosco - Turismo ES","og_description":"Ol\u00e1! Seja bem-vindo ao nosso espa\u00e7o de contato. Estamos aqui para responder suas d\u00favidas, ouvir suas sugest\u00f5es e oferecer informa\u00e7\u00f5es sobre o turismo no Esp\u00edrito Santo. Envie sua mensagem e responderemos o mais breve poss\u00edvel. Obrigado por visitar o site Turismo Esp\u00edrito Santo e aguardamos o seu contato!","og_url":"https:\/\/turismoes.com.br\/portal\/?page_id=549","og_site_name":"Turismo ES","article_modified_time":"2024-05-23T13:42:03+00:00","og_image":[{"width":1393,"height":906,"url":"https:\/\/turismoes.com.br\/portal\/wp-content\/uploads\/2024\/07\/Capa.png?wsr","type":"image\/png"}],"twitter_card":"summary_large_image","schema":{"@context":"https:\/\/schema.org","@graph":[{"@type":"WebPage","@id":"https:\/\/turismoes.com.br\/portal\/?page_id=549","url":"https:\/\/turismoes.com.br\/portal\/?page_id=549","name":"Fale Conosco - Turismo ES","isPartOf":{"@id":"https:\/\/turismoes.com.br\/portal\/#website"},"datePublished":"2024-04-17T22:37:59+00:00","dateModified":"2024-05-23T13:42:03+00:00","breadcrumb":{"@id":"https:\/\/turismoes.com.br\/portal\/?page_id=549#breadcrumb"},"inLanguage":"pt-BR","potentialAction":[{"@type":"ReadAction","target":["https:\/\/turismoes.com.br\/portal\/?page_id=549"]}]},{"@type":"BreadcrumbList","@id":"https:\/\/turismoes.com.br\/portal\/?page_id=549#breadcrumb","itemListElement":[{"@type":"ListItem","position":1,"name":"In\u00edcio","item":"https:\/\/turismoes.com.br\/portal\/"},{"@type":"ListItem","position":2,"name":"Fale Conosco"}]},{"@type":"WebSite","@id":"https:\/\/turismoes.com.br\/portal\/#website","url":"https:\/\/turismoes.com.br\/portal\/","name":"Turismo ES","description":"O seu portal de turismo do Espirito Santo","publisher":{"@id":"https:\/\/turismoes.com.br\/portal\/#organization"},"alternateName":"Turismo Esp\u00edrito Santo","potentialAction":[{"@type":"SearchAction","target":{"@type":"EntryPoint","urlTemplate":"https:\/\/turismoes.com.br\/portal\/?s={search_term_string}"},"query-input":"required name=search_term_string"}],"inLanguage":"pt-BR"},{"@type":"Organization","@id":"https:\/\/turismoes.com.br\/portal\/#organization","name":"Turismo ES","alternateName":"Turismo Esp\u00edrito Santo","url":"https:\/\/turismoes.com.br\/portal\/","logo":{"@type":"ImageObject","inLanguage":"pt-BR","@id":"https:\/\/turismoes.com.br\/portal\/#\/schema\/logo\/image\/","url":"https:\/\/turismoes.com.br\/portal\/wp-content\/uploads\/2024\/01\/logoturismo.png","contentUrl":"https:\/\/turismoes.com.br\/portal\/wp-content\/uploads\/2024\/01\/logoturismo.png","width":511,"height":145,"caption":"Turismo ES"},"image":{"@id":"https:\/\/turismoes.com.br\/portal\/#\/schema\/logo\/image\/"},"sameAs":["https:\/\/www.instagram.com\/turismoestadoes\/"]}]}},"_links":{"self":[{"href":"https:\/\/turismoes.com.br\/portal\/index.php?rest_route=\/wp\/v2\/pages\/549","targetHints":{"allow":["GET"]}}],"collection":[{"href":"https:\/\/turismoes.com.br\/portal\/index.php?rest_route=\/wp\/v2\/pages"}],"about":[{"href":"https:\/\/turismoes.com.br\/portal\/index.php?rest_route=\/wp\/v2\/types\/page"}],"author":[{"embeddable":true,"href":"https:\/\/turismoes.com.br\/portal\/index.php?rest_route=\/wp\/v2\/users\/1"}],"replies":[{"embeddable":true,"href":"https:\/\/turismoes.com.br\/portal\/index.php?rest_route=%2Fwp%2Fv2%2Fcomments&post=549"}],"version-history":[{"count":13,"href":"https:\/\/turismoes.com.br\/portal\/index.php?rest_route=\/wp\/v2\/pages\/549\/revisions"}],"predecessor-version":[{"id":2891,"href":"https:\/\/turismoes.com.br\/portal\/index.php?rest_route=\/wp\/v2\/pages\/549\/revisions\/2891"}],"wp:attachment":[{"href":"https:\/\/turismoes.com.br\/portal\/index.php?rest_route=%2Fwp%2Fv2%2Fmedia&parent=549"}],"curies":[{"name":"wp","href":"https:\/\/api.w.org\/{rel}","templated":true}]}}