{"id":519,"date":"2024-04-16T11:18:58","date_gmt":"2024-04-16T14:18:58","guid":{"rendered":"https:\/\/turismoes.com.br\/portal\/?page_id=519"},"modified":"2024-04-16T12:40:44","modified_gmt":"2024-04-16T15:40:44","slug":"guarapa-boy","status":"publish","type":"page","link":"https:\/\/turismoes.com.br\/portal\/?page_id=519","title":{"rendered":"Guarapa Boy"},"content":{"rendered":"\t\t<div data-elementor-type=\"wp-page\" data-elementor-id=\"519\" class=\"elementor elementor-519\">\n\t\t\t\t<div class=\"elementor-element elementor-element-82d4bd3 e-flex e-con-boxed wpr-particle-no wpr-jarallax-no wpr-parallax-no wpr-sticky-section-no e-con e-parent\" data-id=\"82d4bd3\" data-element_type=\"container\">\n\t\t\t\t\t<div class=\"e-con-inner\">\n\t\t<div class=\"elementor-element elementor-element-87398df e-con-full e-flex wpr-particle-no wpr-jarallax-no wpr-parallax-no wpr-sticky-section-no e-con e-child\" data-id=\"87398df\" data-element_type=\"container\">\n\t\t\t\t<div class=\"elementor-element elementor-element-8ad7a3c elementor-widget elementor-widget-image\" data-id=\"8ad7a3c\" data-element_type=\"widget\" data-widget_type=\"image.default\">\n\t\t\t\t<div class=\"elementor-widget-container\">\n\t\t\t<style>\/*! elementor - v3.23.0 - 25-07-2024 *\/\n.elementor-widget-image{text-align:center}.elementor-widget-image a{display:inline-block}.elementor-widget-image a img[src$=\".svg\"]{width:48px}.elementor-widget-image img{vertical-align:middle;display:inline-block}<\/style>\t\t\t\t\t\t\t\t\t\t<img fetchpriority=\"high\" decoding=\"async\" width=\"640\" height=\"640\" src=\"https:\/\/turismoes.com.br\/portal\/wp-content\/uploads\/2024\/04\/guarapaboy-1024x1024.png?wsr\" class=\"attachment-large size-large wp-image-497\" alt=\"\" srcset=\"https:\/\/turismoes.com.br\/portal\/wp-content\/uploads\/2024\/04\/guarapaboy-1024x1024.png 1024w, https:\/\/turismoes.com.br\/portal\/wp-content\/uploads\/2024\/04\/guarapaboy-300x300.png 300w, https:\/\/turismoes.com.br\/portal\/wp-content\/uploads\/2024\/04\/guarapaboy-150x150.png 150w, https:\/\/turismoes.com.br\/portal\/wp-content\/uploads\/2024\/04\/guarapaboy-768x768.png 768w, https:\/\/turismoes.com.br\/portal\/wp-content\/uploads\/2024\/04\/guarapaboy-600x600.png 600w, https:\/\/turismoes.com.br\/portal\/wp-content\/uploads\/2024\/04\/guarapaboy.png 1216w\" sizes=\"(max-width: 640px) 100vw, 640px\" \/>\t\t\t\t\t\t\t\t\t\t\t\t\t<\/div>\n\t\t\t\t<\/div>\n\t\t\t\t<\/div>\n\t\t<div class=\"elementor-element elementor-element-35b9c7c e-con-full e-flex wpr-particle-no wpr-jarallax-no wpr-parallax-no wpr-sticky-section-no e-con e-child\" data-id=\"35b9c7c\" data-element_type=\"container\">\n\t\t\t\t<div class=\"elementor-element elementor-element-da171aa elementor-widget elementor-widget-text-editor\" data-id=\"da171aa\" data-element_type=\"widget\" data-widget_type=\"text-editor.default\">\n\t\t\t\t<div class=\"elementor-widget-container\">\n\t\t\t<style>\/*! elementor - v3.23.0 - 25-07-2024 *\/\n.elementor-widget-text-editor.elementor-drop-cap-view-stacked .elementor-drop-cap{background-color:#69727d;color:#fff}.elementor-widget-text-editor.elementor-drop-cap-view-framed .elementor-drop-cap{color:#69727d;border:3px solid;background-color:transparent}.elementor-widget-text-editor:not(.elementor-drop-cap-view-default) .elementor-drop-cap{margin-top:8px}.elementor-widget-text-editor:not(.elementor-drop-cap-view-default) .elementor-drop-cap-letter{width:1em;height:1em}.elementor-widget-text-editor .elementor-drop-cap{float:left;text-align:center;line-height:1;font-size:50px}.elementor-widget-text-editor .elementor-drop-cap-letter{display:inline-block}<\/style>\t\t\t\t<h1><span style=\"color: #1e5e19;\">GUARAPA BOY<br \/><\/span><\/h1>\t\t\t\t\t\t<\/div>\n\t\t\t\t<\/div>\n\t\t\t\t<div class=\"elementor-element elementor-element-a0fc8d0 elementor-widget__width-initial elementor-widget elementor-widget-text-editor\" data-id=\"a0fc8d0\" data-element_type=\"widget\" data-widget_type=\"text-editor.default\">\n\t\t\t\t<div class=\"elementor-widget-container\">\n\t\t\t\t\t\t\t<p>Guarapa Boy \u00e9 um verdadeiro apaixonado pelas praias paradis\u00edacas de Guarapari, no litoral do Esp\u00edrito Santo. Desde pequeno, cresceu cercado pelas ondas e pelo Sol radiante desta cidade encantadora.&nbsp;Como colunista, tenho o privil\u00e9gio de compartilhar com voc\u00eas toda a minha paix\u00e3o por Guarapari e suas belezas naturais. Sou um entusiasta dos esportes aqu\u00e1ticos, principalmente o surf, e n\u00e3o h\u00e1 nada que me fa\u00e7a mais feliz do que pegar uma onda nas \u00e1guas cristalinas desta terra aben\u00e7oada.<br>Aqui, teremos uma jornada pelos recantos secretos e pelas praias deslumbrantes de Guarapari. Vou contar hist\u00f3rias e experi\u00eancias pessoais vividas ao longo dos anos nesta terra que tanto amo.&nbsp;Preparem-se para embarcar comigo nesta aventura pelas praias ensolaradas e pelas ondas cristalinas de Guarapari. Estou ansioso para compartilhar com voc\u00eas toda a minha paix\u00e3o e conhecimento sobre este lugar incr\u00edvel que chamo de lar.&nbsp;Vamos&nbsp;nessa!<\/p>\t\t\t\t\t\t<\/div>\n\t\t\t\t<\/div>\n\t\t\t\t<\/div>\n\t\t\t\t\t<\/div>\n\t\t\t\t<\/div>\n\t\t<div class=\"elementor-element elementor-element-eac98fb e-flex e-con-boxed wpr-particle-no wpr-jarallax-no wpr-parallax-no wpr-sticky-section-no e-con e-parent\" data-id=\"eac98fb\" data-element_type=\"container\">\n\t\t\t\t\t<div class=\"e-con-inner\">\n\t\t\t\t<div class=\"elementor-element elementor-element-d4f3c9b elementor-widget elementor-widget-spacer\" data-id=\"d4f3c9b\" data-element_type=\"widget\" data-widget_type=\"spacer.default\">\n\t\t\t\t<div class=\"elementor-widget-container\">\n\t\t\t<style>\/*! elementor - v3.23.0 - 25-07-2024 *\/\n.elementor-column .elementor-spacer-inner{height:var(--spacer-size)}.e-con{--container-widget-width:100%}.e-con-inner>.elementor-widget-spacer,.e-con>.elementor-widget-spacer{width:var(--container-widget-width,var(--spacer-size));--align-self:var(--container-widget-align-self,initial);--flex-shrink:0}.e-con-inner>.elementor-widget-spacer>.elementor-widget-container,.e-con>.elementor-widget-spacer>.elementor-widget-container{height:100%;width:100%}.e-con-inner>.elementor-widget-spacer>.elementor-widget-container>.elementor-spacer,.e-con>.elementor-widget-spacer>.elementor-widget-container>.elementor-spacer{height:100%}.e-con-inner>.elementor-widget-spacer>.elementor-widget-container>.elementor-spacer>.elementor-spacer-inner,.e-con>.elementor-widget-spacer>.elementor-widget-container>.elementor-spacer>.elementor-spacer-inner{height:var(--container-widget-height,var(--spacer-size))}.e-con-inner>.elementor-widget-spacer.elementor-widget-empty,.e-con>.elementor-widget-spacer.elementor-widget-empty{position:relative;min-height:22px;min-width:22px}.e-con-inner>.elementor-widget-spacer.elementor-widget-empty .elementor-widget-empty-icon,.e-con>.elementor-widget-spacer.elementor-widget-empty .elementor-widget-empty-icon{position:absolute;top:0;bottom:0;left:0;right:0;margin:auto;padding:0;width:22px;height:22px}<\/style>\t\t<div class=\"elementor-spacer\">\n\t\t\t<div class=\"elementor-spacer-inner\"><\/div>\n\t\t<\/div>\n\t\t\t\t<\/div>\n\t\t\t\t<\/div>\n\t\t\t\t\t<\/div>\n\t\t\t\t<\/div>\n\t\t<div class=\"elementor-element elementor-element-bd37e50 e-flex e-con-boxed wpr-particle-no wpr-jarallax-no wpr-parallax-no wpr-sticky-section-no e-con e-parent\" data-id=\"bd37e50\" data-element_type=\"container\" data-settings=\"{&quot;background_background&quot;:&quot;classic&quot;}\">\n\t\t\t\t\t<div class=\"e-con-inner\">\n\t\t\t\t<div class=\"elementor-element elementor-element-80acdcd premium-blog-align-left elementor-widget elementor-widget-premium-addon-blog\" data-id=\"80acdcd\" data-element_type=\"widget\" data-settings=\"{&quot;premium_blog_layout&quot;:&quot;masonry&quot;,&quot;premium_blog_columns_number&quot;:&quot;100%&quot;,&quot;premium_blog_grid&quot;:&quot;yes&quot;,&quot;premium_blog_columns_number_tablet&quot;:&quot;50%&quot;,&quot;premium_blog_columns_number_mobile&quot;:&quot;100%&quot;,&quot;scroll_to_offset&quot;:&quot;yes&quot;}\" data-widget_type=\"premium-addon-blog.default\">\n\t\t\t\t<div class=\"elementor-widget-container\">\n\t\t\t\r\n\t\t\t\t<div class=\"premium-blog-wrap  premium-blog-masonry\" data-page=\"519\">\r\n\t\t\t\t\t<div class=\"premium-blog-post-outer-container\" data-total=\"1\">\n\t\t\t<div class=\"premium-blog-post-container premium-blog-skin-side\">\n\t\t\t\t\t\t\t\t\t<div class=\"premium-blog-thumb-effect-wrapper\">\n\t\t\t\t\t\t<div class=\"premium-blog-thumbnail-container premium-blog-zoomin-effect\">\n\t\t\t\t\t\t\t<img decoding=\"async\" width=\"1200\" height=\"706\" src=\"https:\/\/turismoes.com.br\/portal\/wp-content\/uploads\/2024\/04\/morro.png?wsr\" class=\"attachment-full size-full wp-image-2882\" alt=\"\" srcset=\"https:\/\/turismoes.com.br\/portal\/wp-content\/uploads\/2024\/04\/morro.png 1200w, https:\/\/turismoes.com.br\/portal\/wp-content\/uploads\/2024\/04\/morro-300x177.png 300w, https:\/\/turismoes.com.br\/portal\/wp-content\/uploads\/2024\/04\/morro-1024x602.png 1024w, https:\/\/turismoes.com.br\/portal\/wp-content\/uploads\/2024\/04\/morro-150x88.png 150w, https:\/\/turismoes.com.br\/portal\/wp-content\/uploads\/2024\/04\/morro-768x452.png 768w\" sizes=\"(max-width: 1200px) 100vw, 1200px\" \/>\t\t\t\t\t\t<\/div>\n\t\t\t\t\t\t\t\t\t\t\t\t\t<div class=\"premium-blog-thumbnail-overlay\">\n\t\t\t\t\t\t\t\t<a class=\"elementor-icon\" href=\"https:\/\/turismoes.com.br\/portal\/?p=476\" target=\"_blank\" aria-hidden=\"true\"><span>Praia do Morro: onde Guarapari mostra seu melhor sorriso<\/span><\/a>\n\t\t\t\t\t\t\t<\/div>\n\n\t\t\t\t\t\t\t\t\t\t\t\t\t\t\t\t\t\t<\/div>\n\t\t\t\t\t\t\t\t\t\t\t\t<div class=\"premium-blog-content-wrapper \">\n\n\t\t\t\t\t<div class=\"premium-blog-inner-container\">\n\n\t\t\t\t\t\t\t\t\t\t\t\t\t\t<h2 class=\"premium-blog-entry-title\">\n\t\t\t<a href=\"https:\/\/turismoes.com.br\/portal\/?p=476\" target=\"_blank\">\n\t\t\t\tPraia do Morro: onde Guarapari mostra seu melhor sorriso\t\t\t<\/a>\n\t\t<\/h2>\n\t\t\t\t<div class=\"premium-blog-entry-meta\">\n\t\t\t\n\t\t\t\n\t\t\t\n\t\t\t\t\t<\/div>\n\t\t\n\t\t\t\t\t<\/div>\n\n\t\t\t\t\t\t\t<div class=\"premium-blog-content-inner-wrapper\">\n\t\t<p class=\"premium-blog-post-content\">Hoje, trazendo pra voc\u00eas uma joia que brilha no cora\u00e7\u00e3o dos capixabas e ilumina os olhos de quem vem de fora: a Praia do Morro. Preparados para um mergulho nesse mar de curiosidades? Primeiro, bora entender o que faz a Praia do Morro ser esse point que n\u00e3o pode faltar no seu roteiro. Esse peda\u00e7o do para\u00edso se estende como um convite irresist\u00edvel para todos os tipos de turistas, dos solit\u00e1rios pensadores aos grupos barulhentos de fam\u00edlias e amigos. A areia macia, praticamente um tapete natural, \u00e9 cen\u00e1rio perfeito para os castelos de areia das crian\u00e7as e para as caminhadas<\/p><div class=\"premium-blog-excerpt-link-wrap\"><a href=\"https:\/\/turismoes.com.br\/portal\/?p=476\" target=\"_blank\" class=\"premium-blog-excerpt-link elementor-button\">LEIA A COLUNA COMPLETA<\/a><\/div>\t\t<\/div>\n\t\t\t\t\t\t\t\n\t\t\t\t<\/div>\n\t\t\t<\/div>\n\t\t<\/div>\n\n\t\t\t\t<\/div>\r\n\r\n\t\t\t\t<\/div>\n\t\t\t\t<\/div>\n\t\t\t\t\t<\/div>\n\t\t\t\t<\/div>\n\t\t\t\t<\/div>\n\t\t","protected":false},"excerpt":{"rendered":"<p>GUARAPA BOY Guarapa Boy \u00e9 um verdadeiro apaixonado pelas praias paradis\u00edacas de Guarapari, no litoral do Esp\u00edrito Santo. Desde pequeno, cresceu cercado pelas ondas e pelo Sol radiante desta cidade encantadora.&nbsp;Como colunista, tenho o privil\u00e9gio de compartilhar com voc\u00eas toda a minha paix\u00e3o por Guarapari e suas belezas naturais. Sou um entusiasta dos esportes aqu\u00e1ticos, principalmente o surf, e n\u00e3o h\u00e1 nada que me fa\u00e7a mais feliz do que pegar uma onda nas \u00e1guas cristalinas desta terra aben\u00e7oada.Aqui, teremos uma jornada pelos recantos secretos e pelas praias deslumbrantes de Guarapari. Vou contar hist\u00f3rias e experi\u00eancias pessoais vividas ao longo dos anos nesta terra que tanto amo.&nbsp;Preparem-se para embarcar comigo nesta aventura pelas praias ensolaradas e pelas ondas cristalinas de Guarapari. Estou ansioso para compartilhar com voc\u00eas toda a minha paix\u00e3o e conhecimento sobre este lugar incr\u00edvel que chamo de lar.&nbsp;Vamos&nbsp;nessa! Praia do Morro: onde Guarapari mostra seu melhor sorriso Praia do Morro: onde Guarapari mostra seu melhor sorriso Hoje, trazendo pra voc\u00eas uma joia que brilha no cora\u00e7\u00e3o dos capixabas e ilumina os olhos de quem vem de fora: a Praia do Morro. Preparados para um mergulho nesse mar de curiosidades? Primeiro, bora entender o que faz a Praia do Morro ser esse point que n\u00e3o pode faltar no seu roteiro. Esse peda\u00e7o do para\u00edso se estende como um convite irresist\u00edvel para todos os tipos de turistas, dos solit\u00e1rios pensadores aos grupos barulhentos de fam\u00edlias e amigos. A areia macia, praticamente um tapete natural, \u00e9 cen\u00e1rio perfeito para os castelos de areia das crian\u00e7as e para as caminhadas LEIA A COLUNA COMPLETA<\/p>\n","protected":false},"author":1,"featured_media":0,"parent":0,"menu_order":0,"comment_status":"closed","ping_status":"closed","template":"","meta":{"_joinchat":[],"footnotes":""},"class_list":["post-519","page","type-page","status-publish","hentry"],"yoast_head":"<!-- This site is optimized with the Yoast SEO plugin v23.1 - https:\/\/yoast.com\/wordpress\/plugins\/seo\/ -->\n<title>Guarapa Boy - Turismo ES<\/title>\n<meta name=\"robots\" content=\"index, follow, max-snippet:-1, max-image-preview:large, max-video-preview:-1\" \/>\n<link rel=\"canonical\" href=\"https:\/\/turismoes.com.br\/portal\/?page_id=519\" \/>\n<meta property=\"og:locale\" content=\"pt_BR\" \/>\n<meta property=\"og:type\" content=\"article\" \/>\n<meta property=\"og:title\" content=\"Guarapa Boy - Turismo ES\" \/>\n<meta property=\"og:description\" content=\"GUARAPA BOY Guarapa Boy \u00e9 um verdadeiro apaixonado pelas praias paradis\u00edacas de Guarapari, no litoral do Esp\u00edrito Santo. Desde pequeno, cresceu cercado pelas ondas e pelo Sol radiante desta cidade encantadora.&nbsp;Como colunista, tenho o privil\u00e9gio de compartilhar com voc\u00eas toda a minha paix\u00e3o por Guarapari e suas belezas naturais. Sou um entusiasta dos esportes aqu\u00e1ticos, principalmente o surf, e n\u00e3o h\u00e1 nada que me fa\u00e7a mais feliz do que pegar uma onda nas \u00e1guas cristalinas desta terra aben\u00e7oada.Aqui, teremos uma jornada pelos recantos secretos e pelas praias deslumbrantes de Guarapari. Vou contar hist\u00f3rias e experi\u00eancias pessoais vividas ao longo dos anos nesta terra que tanto amo.&nbsp;Preparem-se para embarcar comigo nesta aventura pelas praias ensolaradas e pelas ondas cristalinas de Guarapari. Estou ansioso para compartilhar com voc\u00eas toda a minha paix\u00e3o e conhecimento sobre este lugar incr\u00edvel que chamo de lar.&nbsp;Vamos&nbsp;nessa! Praia do Morro: onde Guarapari mostra seu melhor sorriso Praia do Morro: onde Guarapari mostra seu melhor sorriso Hoje, trazendo pra voc\u00eas uma joia que brilha no cora\u00e7\u00e3o dos capixabas e ilumina os olhos de quem vem de fora: a Praia do Morro. Preparados para um mergulho nesse mar de curiosidades? Primeiro, bora entender o que faz a Praia do Morro ser esse point que n\u00e3o pode faltar no seu roteiro. Esse peda\u00e7o do para\u00edso se estende como um convite irresist\u00edvel para todos os tipos de turistas, dos solit\u00e1rios pensadores aos grupos barulhentos de fam\u00edlias e amigos. A areia macia, praticamente um tapete natural, \u00e9 cen\u00e1rio perfeito para os castelos de areia das crian\u00e7as e para as caminhadas LEIA A COLUNA COMPLETA\" \/>\n<meta property=\"og:url\" content=\"https:\/\/turismoes.com.br\/portal\/?page_id=519\" \/>\n<meta property=\"og:site_name\" content=\"Turismo ES\" \/>\n<meta property=\"article:modified_time\" content=\"2024-04-16T15:40:44+00:00\" \/>\n<meta property=\"og:image\" content=\"https:\/\/turismoes.com.br\/portal\/wp-content\/uploads\/2024\/04\/guarapaboy-1024x1024.png\" \/>\n<meta name=\"twitter:card\" content=\"summary_large_image\" \/>\n<meta name=\"twitter:label1\" content=\"Est. tempo de leitura\" \/>\n\t<meta name=\"twitter:data1\" content=\"1 minuto\" \/>\n<script type=\"application\/ld+json\" class=\"yoast-schema-graph\">{\"@context\":\"https:\/\/schema.org\",\"@graph\":[{\"@type\":\"WebPage\",\"@id\":\"https:\/\/turismoes.com.br\/portal\/?page_id=519\",\"url\":\"https:\/\/turismoes.com.br\/portal\/?page_id=519\",\"name\":\"Guarapa Boy - Turismo ES\",\"isPartOf\":{\"@id\":\"https:\/\/turismoes.com.br\/portal\/#website\"},\"primaryImageOfPage\":{\"@id\":\"https:\/\/turismoes.com.br\/portal\/?page_id=519#primaryimage\"},\"image\":{\"@id\":\"https:\/\/turismoes.com.br\/portal\/?page_id=519#primaryimage\"},\"thumbnailUrl\":\"https:\/\/turismoes.com.br\/portal\/wp-content\/uploads\/2024\/04\/guarapaboy-1024x1024.png\",\"datePublished\":\"2024-04-16T14:18:58+00:00\",\"dateModified\":\"2024-04-16T15:40:44+00:00\",\"breadcrumb\":{\"@id\":\"https:\/\/turismoes.com.br\/portal\/?page_id=519#breadcrumb\"},\"inLanguage\":\"pt-BR\",\"potentialAction\":[{\"@type\":\"ReadAction\",\"target\":[\"https:\/\/turismoes.com.br\/portal\/?page_id=519\"]}]},{\"@type\":\"ImageObject\",\"inLanguage\":\"pt-BR\",\"@id\":\"https:\/\/turismoes.com.br\/portal\/?page_id=519#primaryimage\",\"url\":\"https:\/\/turismoes.com.br\/portal\/wp-content\/uploads\/2024\/04\/guarapaboy.png?wsr\",\"contentUrl\":\"https:\/\/turismoes.com.br\/portal\/wp-content\/uploads\/2024\/04\/guarapaboy.png?wsr\",\"width\":1216,\"height\":1216},{\"@type\":\"BreadcrumbList\",\"@id\":\"https:\/\/turismoes.com.br\/portal\/?page_id=519#breadcrumb\",\"itemListElement\":[{\"@type\":\"ListItem\",\"position\":1,\"name\":\"In\u00edcio\",\"item\":\"https:\/\/turismoes.com.br\/portal\/\"},{\"@type\":\"ListItem\",\"position\":2,\"name\":\"Guarapa Boy\"}]},{\"@type\":\"WebSite\",\"@id\":\"https:\/\/turismoes.com.br\/portal\/#website\",\"url\":\"https:\/\/turismoes.com.br\/portal\/\",\"name\":\"Turismo ES\",\"description\":\"O seu portal de turismo do Espirito Santo\",\"publisher\":{\"@id\":\"https:\/\/turismoes.com.br\/portal\/#organization\"},\"alternateName\":\"Turismo Esp\u00edrito Santo\",\"potentialAction\":[{\"@type\":\"SearchAction\",\"target\":{\"@type\":\"EntryPoint\",\"urlTemplate\":\"https:\/\/turismoes.com.br\/portal\/?s={search_term_string}\"},\"query-input\":\"required name=search_term_string\"}],\"inLanguage\":\"pt-BR\"},{\"@type\":\"Organization\",\"@id\":\"https:\/\/turismoes.com.br\/portal\/#organization\",\"name\":\"Turismo ES\",\"alternateName\":\"Turismo Esp\u00edrito Santo\",\"url\":\"https:\/\/turismoes.com.br\/portal\/\",\"logo\":{\"@type\":\"ImageObject\",\"inLanguage\":\"pt-BR\",\"@id\":\"https:\/\/turismoes.com.br\/portal\/#\/schema\/logo\/image\/\",\"url\":\"https:\/\/turismoes.com.br\/portal\/wp-content\/uploads\/2024\/01\/logoturismo.png\",\"contentUrl\":\"https:\/\/turismoes.com.br\/portal\/wp-content\/uploads\/2024\/01\/logoturismo.png\",\"width\":511,\"height\":145,\"caption\":\"Turismo ES\"},\"image\":{\"@id\":\"https:\/\/turismoes.com.br\/portal\/#\/schema\/logo\/image\/\"},\"sameAs\":[\"https:\/\/www.instagram.com\/turismoestadoes\/\"]}]}<\/script>\n<!-- \/ Yoast SEO plugin. -->","yoast_head_json":{"title":"Guarapa Boy - Turismo ES","robots":{"index":"index","follow":"follow","max-snippet":"max-snippet:-1","max-image-preview":"max-image-preview:large","max-video-preview":"max-video-preview:-1"},"canonical":"https:\/\/turismoes.com.br\/portal\/?page_id=519","og_locale":"pt_BR","og_type":"article","og_title":"Guarapa Boy - Turismo ES","og_description":"GUARAPA BOY Guarapa Boy \u00e9 um verdadeiro apaixonado pelas praias paradis\u00edacas de Guarapari, no litoral do Esp\u00edrito Santo. Desde pequeno, cresceu cercado pelas ondas e pelo Sol radiante desta cidade encantadora.&nbsp;Como colunista, tenho o privil\u00e9gio de compartilhar com voc\u00eas toda a minha paix\u00e3o por Guarapari e suas belezas naturais. Sou um entusiasta dos esportes aqu\u00e1ticos, principalmente o surf, e n\u00e3o h\u00e1 nada que me fa\u00e7a mais feliz do que pegar uma onda nas \u00e1guas cristalinas desta terra aben\u00e7oada.Aqui, teremos uma jornada pelos recantos secretos e pelas praias deslumbrantes de Guarapari. Vou contar hist\u00f3rias e experi\u00eancias pessoais vividas ao longo dos anos nesta terra que tanto amo.&nbsp;Preparem-se para embarcar comigo nesta aventura pelas praias ensolaradas e pelas ondas cristalinas de Guarapari. Estou ansioso para compartilhar com voc\u00eas toda a minha paix\u00e3o e conhecimento sobre este lugar incr\u00edvel que chamo de lar.&nbsp;Vamos&nbsp;nessa! Praia do Morro: onde Guarapari mostra seu melhor sorriso Praia do Morro: onde Guarapari mostra seu melhor sorriso Hoje, trazendo pra voc\u00eas uma joia que brilha no cora\u00e7\u00e3o dos capixabas e ilumina os olhos de quem vem de fora: a Praia do Morro. Preparados para um mergulho nesse mar de curiosidades? Primeiro, bora entender o que faz a Praia do Morro ser esse point que n\u00e3o pode faltar no seu roteiro. Esse peda\u00e7o do para\u00edso se estende como um convite irresist\u00edvel para todos os tipos de turistas, dos solit\u00e1rios pensadores aos grupos barulhentos de fam\u00edlias e amigos. A areia macia, praticamente um tapete natural, \u00e9 cen\u00e1rio perfeito para os castelos de areia das crian\u00e7as e para as caminhadas LEIA A COLUNA COMPLETA","og_url":"https:\/\/turismoes.com.br\/portal\/?page_id=519","og_site_name":"Turismo ES","article_modified_time":"2024-04-16T15:40:44+00:00","og_image":[{"url":"https:\/\/turismoes.com.br\/portal\/wp-content\/uploads\/2024\/04\/guarapaboy-1024x1024.png"}],"twitter_card":"summary_large_image","twitter_misc":{"Est. tempo de leitura":"1 minuto"},"schema":{"@context":"https:\/\/schema.org","@graph":[{"@type":"WebPage","@id":"https:\/\/turismoes.com.br\/portal\/?page_id=519","url":"https:\/\/turismoes.com.br\/portal\/?page_id=519","name":"Guarapa Boy - Turismo ES","isPartOf":{"@id":"https:\/\/turismoes.com.br\/portal\/#website"},"primaryImageOfPage":{"@id":"https:\/\/turismoes.com.br\/portal\/?page_id=519#primaryimage"},"image":{"@id":"https:\/\/turismoes.com.br\/portal\/?page_id=519#primaryimage"},"thumbnailUrl":"https:\/\/turismoes.com.br\/portal\/wp-content\/uploads\/2024\/04\/guarapaboy-1024x1024.png","datePublished":"2024-04-16T14:18:58+00:00","dateModified":"2024-04-16T15:40:44+00:00","breadcrumb":{"@id":"https:\/\/turismoes.com.br\/portal\/?page_id=519#breadcrumb"},"inLanguage":"pt-BR","potentialAction":[{"@type":"ReadAction","target":["https:\/\/turismoes.com.br\/portal\/?page_id=519"]}]},{"@type":"ImageObject","inLanguage":"pt-BR","@id":"https:\/\/turismoes.com.br\/portal\/?page_id=519#primaryimage","url":"https:\/\/turismoes.com.br\/portal\/wp-content\/uploads\/2024\/04\/guarapaboy.png?wsr","contentUrl":"https:\/\/turismoes.com.br\/portal\/wp-content\/uploads\/2024\/04\/guarapaboy.png?wsr","width":1216,"height":1216},{"@type":"BreadcrumbList","@id":"https:\/\/turismoes.com.br\/portal\/?page_id=519#breadcrumb","itemListElement":[{"@type":"ListItem","position":1,"name":"In\u00edcio","item":"https:\/\/turismoes.com.br\/portal\/"},{"@type":"ListItem","position":2,"name":"Guarapa Boy"}]},{"@type":"WebSite","@id":"https:\/\/turismoes.com.br\/portal\/#website","url":"https:\/\/turismoes.com.br\/portal\/","name":"Turismo ES","description":"O seu portal de turismo do Espirito Santo","publisher":{"@id":"https:\/\/turismoes.com.br\/portal\/#organization"},"alternateName":"Turismo Esp\u00edrito Santo","potentialAction":[{"@type":"SearchAction","target":{"@type":"EntryPoint","urlTemplate":"https:\/\/turismoes.com.br\/portal\/?s={search_term_string}"},"query-input":"required name=search_term_string"}],"inLanguage":"pt-BR"},{"@type":"Organization","@id":"https:\/\/turismoes.com.br\/portal\/#organization","name":"Turismo ES","alternateName":"Turismo Esp\u00edrito Santo","url":"https:\/\/turismoes.com.br\/portal\/","logo":{"@type":"ImageObject","inLanguage":"pt-BR","@id":"https:\/\/turismoes.com.br\/portal\/#\/schema\/logo\/image\/","url":"https:\/\/turismoes.com.br\/portal\/wp-content\/uploads\/2024\/01\/logoturismo.png","contentUrl":"https:\/\/turismoes.com.br\/portal\/wp-content\/uploads\/2024\/01\/logoturismo.png","width":511,"height":145,"caption":"Turismo ES"},"image":{"@id":"https:\/\/turismoes.com.br\/portal\/#\/schema\/logo\/image\/"},"sameAs":["https:\/\/www.instagram.com\/turismoestadoes\/"]}]}},"_links":{"self":[{"href":"https:\/\/turismoes.com.br\/portal\/index.php?rest_route=\/wp\/v2\/pages\/519","targetHints":{"allow":["GET"]}}],"collection":[{"href":"https:\/\/turismoes.com.br\/portal\/index.php?rest_route=\/wp\/v2\/pages"}],"about":[{"href":"https:\/\/turismoes.com.br\/portal\/index.php?rest_route=\/wp\/v2\/types\/page"}],"author":[{"embeddable":true,"href":"https:\/\/turismoes.com.br\/portal\/index.php?rest_route=\/wp\/v2\/users\/1"}],"replies":[{"embeddable":true,"href":"https:\/\/turismoes.com.br\/portal\/index.php?rest_route=%2Fwp%2Fv2%2Fcomments&post=519"}],"version-history":[{"count":7,"href":"https:\/\/turismoes.com.br\/portal\/index.php?rest_route=\/wp\/v2\/pages\/519\/revisions"}],"predecessor-version":[{"id":541,"href":"https:\/\/turismoes.com.br\/portal\/index.php?rest_route=\/wp\/v2\/pages\/519\/revisions\/541"}],"wp:attachment":[{"href":"https:\/\/turismoes.com.br\/portal\/index.php?rest_route=%2Fwp%2Fv2%2Fmedia&parent=519"}],"curies":[{"name":"wp","href":"https:\/\/api.w.org\/{rel}","templated":true}]}}