{"id":442,"date":"2024-04-08T15:48:14","date_gmt":"2024-04-08T18:48:14","guid":{"rendered":"https:\/\/turismoes.com.br\/portal\/?page_id=442"},"modified":"2024-05-14T10:18:28","modified_gmt":"2024-05-14T13:18:28","slug":"colunistas","status":"publish","type":"page","link":"https:\/\/turismoes.com.br\/portal\/?page_id=442","title":{"rendered":"COLUNISTAS"},"content":{"rendered":"\t\t<div data-elementor-type=\"wp-page\" data-elementor-id=\"442\" class=\"elementor elementor-442\">\n\t\t\t\t<div class=\"elementor-element elementor-element-18896af e-flex e-con-boxed wpr-particle-no wpr-jarallax-no wpr-parallax-no wpr-sticky-section-no e-con e-parent\" data-id=\"18896af\" data-element_type=\"container\">\n\t\t\t\t\t<div class=\"e-con-inner\">\n\t\t\t\t<div class=\"elementor-element elementor-element-200c974 elementor-widget elementor-widget-text-editor\" data-id=\"200c974\" data-element_type=\"widget\" data-widget_type=\"text-editor.default\">\n\t\t\t\t<div class=\"elementor-widget-container\">\n\t\t\t<style>\/*! elementor - v3.23.0 - 25-07-2024 *\/\n.elementor-widget-text-editor.elementor-drop-cap-view-stacked .elementor-drop-cap{background-color:#69727d;color:#fff}.elementor-widget-text-editor.elementor-drop-cap-view-framed .elementor-drop-cap{color:#69727d;border:3px solid;background-color:transparent}.elementor-widget-text-editor:not(.elementor-drop-cap-view-default) .elementor-drop-cap{margin-top:8px}.elementor-widget-text-editor:not(.elementor-drop-cap-view-default) .elementor-drop-cap-letter{width:1em;height:1em}.elementor-widget-text-editor .elementor-drop-cap{float:left;text-align:center;line-height:1;font-size:50px}.elementor-widget-text-editor .elementor-drop-cap-letter{display:inline-block}<\/style>\t\t\t\t<p>Aqui, exploradores do Esp\u00edrito Santo compartilham suas perspectivas, insights e experi\u00eancias pessoais. Colunistas dedicados a revelar os segredos e encantos que tornam nossa terra t\u00e3o especial. Explore suas colunas e deixe-se inspirar pelas hist\u00f3rias cativantes, pelas dicas valiosas e pelas reflex\u00f5es profundas sobre a cultura, a natureza e a vida cotidiana em nosso estado. Cada colunista traz consigo uma paix\u00e3o \u00fanica pelo Esp\u00edrito Santo, enriquecendo nossa comunidade e proporcionando uma vis\u00e3o enriquecedora do que significa ser capixaba.<\/p>\t\t\t\t\t\t<\/div>\n\t\t\t\t<\/div>\n\t\t\t\t\t<\/div>\n\t\t\t\t<\/div>\n\t\t<div class=\"elementor-element elementor-element-6274c36 e-flex e-con-boxed wpr-particle-no wpr-jarallax-no wpr-parallax-no wpr-sticky-section-no e-con e-parent\" data-id=\"6274c36\" data-element_type=\"container\">\n\t\t\t\t\t<div class=\"e-con-inner\">\n\t\t<div class=\"elementor-element elementor-element-15b3690 e-con-full e-flex wpr-particle-no wpr-jarallax-no wpr-parallax-no wpr-sticky-section-no e-con e-child\" data-id=\"15b3690\" data-element_type=\"container\">\n\t\t\t\t<div class=\"elementor-element elementor-element-2d4da52 elementor-widget elementor-widget-image\" data-id=\"2d4da52\" data-element_type=\"widget\" data-widget_type=\"image.default\">\n\t\t\t\t<div class=\"elementor-widget-container\">\n\t\t\t<style>\/*! elementor - v3.23.0 - 25-07-2024 *\/\n.elementor-widget-image{text-align:center}.elementor-widget-image a{display:inline-block}.elementor-widget-image a img[src$=\".svg\"]{width:48px}.elementor-widget-image img{vertical-align:middle;display:inline-block}<\/style>\t\t\t\t\t\t\t<figure class=\"wp-caption\">\n\t\t\t\t\t\t\t\t\t\t\t<a href=\"https:\/\/turismoes.com.br\/portal\/?page_id=488\">\n\t\t\t\t\t\t\t<img fetchpriority=\"high\" decoding=\"async\" width=\"300\" height=\"300\" src=\"https:\/\/turismoes.com.br\/portal\/wp-content\/uploads\/2024\/05\/fotogurgel-300x300.png?wsr\" class=\"attachment-medium size-medium wp-image-1879\" alt=\"\" srcset=\"https:\/\/turismoes.com.br\/portal\/wp-content\/uploads\/2024\/05\/fotogurgel-300x300.png 300w, https:\/\/turismoes.com.br\/portal\/wp-content\/uploads\/2024\/05\/fotogurgel-1024x1024.png 1024w, https:\/\/turismoes.com.br\/portal\/wp-content\/uploads\/2024\/05\/fotogurgel-150x150.png 150w, https:\/\/turismoes.com.br\/portal\/wp-content\/uploads\/2024\/05\/fotogurgel-768x768.png 768w, https:\/\/turismoes.com.br\/portal\/wp-content\/uploads\/2024\/05\/fotogurgel-600x600.png 600w, https:\/\/turismoes.com.br\/portal\/wp-content\/uploads\/2024\/05\/fotogurgel.png 1216w\" sizes=\"(max-width: 300px) 100vw, 300px\" \/>\t\t\t\t\t\t\t\t<\/a>\n\t\t\t\t\t\t\t\t\t\t\t<figcaption class=\"widget-image-caption wp-caption-text\">Gurgel<\/figcaption>\n\t\t\t\t\t\t\t\t\t\t<\/figure>\n\t\t\t\t\t\t\t<\/div>\n\t\t\t\t<\/div>\n\t\t\t\t<\/div>\n\t\t<div class=\"elementor-element elementor-element-b15a0db e-con-full e-flex wpr-particle-no wpr-jarallax-no wpr-parallax-no wpr-sticky-section-no e-con e-child\" data-id=\"b15a0db\" data-element_type=\"container\">\n\t\t\t\t<div class=\"elementor-element elementor-element-6665fa9 elementor-widget elementor-widget-image\" data-id=\"6665fa9\" data-element_type=\"widget\" data-widget_type=\"image.default\">\n\t\t\t\t<div class=\"elementor-widget-container\">\n\t\t\t\t\t\t\t\t\t\t<figure class=\"wp-caption\">\n\t\t\t\t\t\t\t\t\t\t\t<a href=\"https:\/\/turismoes.com.br\/portal\/?page_id=519\">\n\t\t\t\t\t\t\t<img decoding=\"async\" width=\"300\" height=\"300\" src=\"https:\/\/turismoes.com.br\/portal\/wp-content\/uploads\/2024\/04\/guarapaboy-300x300.png?wsr\" class=\"attachment-medium size-medium wp-image-497\" alt=\"\" srcset=\"https:\/\/turismoes.com.br\/portal\/wp-content\/uploads\/2024\/04\/guarapaboy-300x300.png 300w, https:\/\/turismoes.com.br\/portal\/wp-content\/uploads\/2024\/04\/guarapaboy-1024x1024.png 1024w, https:\/\/turismoes.com.br\/portal\/wp-content\/uploads\/2024\/04\/guarapaboy-150x150.png 150w, https:\/\/turismoes.com.br\/portal\/wp-content\/uploads\/2024\/04\/guarapaboy-768x768.png 768w, https:\/\/turismoes.com.br\/portal\/wp-content\/uploads\/2024\/04\/guarapaboy-600x600.png 600w, https:\/\/turismoes.com.br\/portal\/wp-content\/uploads\/2024\/04\/guarapaboy.png 1216w\" sizes=\"(max-width: 300px) 100vw, 300px\" \/>\t\t\t\t\t\t\t\t<\/a>\n\t\t\t\t\t\t\t\t\t\t\t<figcaption class=\"widget-image-caption wp-caption-text\">Guarapa Boy<\/figcaption>\n\t\t\t\t\t\t\t\t\t\t<\/figure>\n\t\t\t\t\t\t\t<\/div>\n\t\t\t\t<\/div>\n\t\t\t\t<\/div>\n\t\t\t\t\t<\/div>\n\t\t\t\t<\/div>\n\t\t\t\t<\/div>\n\t\t","protected":false},"excerpt":{"rendered":"<p>Aqui, exploradores do Esp\u00edrito Santo compartilham suas perspectivas, insights e experi\u00eancias pessoais. Colunistas dedicados a revelar os segredos e encantos que tornam nossa terra t\u00e3o especial. Explore suas colunas e deixe-se inspirar pelas hist\u00f3rias cativantes, pelas dicas valiosas e pelas reflex\u00f5es profundas sobre a cultura, a natureza e a vida cotidiana em nosso estado. Cada colunista traz consigo uma paix\u00e3o \u00fanica pelo Esp\u00edrito Santo, enriquecendo nossa comunidade e proporcionando uma vis\u00e3o enriquecedora do que significa ser capixaba. Gurgel Guarapa Boy<\/p>\n","protected":false},"author":4,"featured_media":0,"parent":0,"menu_order":0,"comment_status":"closed","ping_status":"closed","template":"","meta":{"_joinchat":[],"footnotes":""},"class_list":["post-442","page","type-page","status-publish","hentry"],"yoast_head":"<!-- This site is optimized with the Yoast SEO plugin v23.1 - https:\/\/yoast.com\/wordpress\/plugins\/seo\/ -->\n<title>COLUNISTAS - Turismo ES<\/title>\n<meta name=\"robots\" content=\"index, follow, max-snippet:-1, max-image-preview:large, max-video-preview:-1\" \/>\n<link rel=\"canonical\" href=\"https:\/\/turismoes.com.br\/portal\/?page_id=442\" \/>\n<meta property=\"og:locale\" content=\"pt_BR\" \/>\n<meta property=\"og:type\" content=\"article\" \/>\n<meta property=\"og:title\" content=\"COLUNISTAS - Turismo ES\" \/>\n<meta property=\"og:description\" content=\"Aqui, exploradores do Esp\u00edrito Santo compartilham suas perspectivas, insights e experi\u00eancias pessoais. Colunistas dedicados a revelar os segredos e encantos que tornam nossa terra t\u00e3o especial. Explore suas colunas e deixe-se inspirar pelas hist\u00f3rias cativantes, pelas dicas valiosas e pelas reflex\u00f5es profundas sobre a cultura, a natureza e a vida cotidiana em nosso estado. Cada colunista traz consigo uma paix\u00e3o \u00fanica pelo Esp\u00edrito Santo, enriquecendo nossa comunidade e proporcionando uma vis\u00e3o enriquecedora do que significa ser capixaba. Gurgel Guarapa Boy\" \/>\n<meta property=\"og:url\" content=\"https:\/\/turismoes.com.br\/portal\/?page_id=442\" \/>\n<meta property=\"og:site_name\" content=\"Turismo ES\" \/>\n<meta property=\"article:modified_time\" content=\"2024-05-14T13:18:28+00:00\" \/>\n<meta property=\"og:image\" content=\"https:\/\/turismoes.com.br\/portal\/wp-content\/uploads\/2024\/05\/fotogurgel-300x300.png\" \/>\n<meta name=\"twitter:card\" content=\"summary_large_image\" \/>\n<script type=\"application\/ld+json\" class=\"yoast-schema-graph\">{\"@context\":\"https:\/\/schema.org\",\"@graph\":[{\"@type\":\"WebPage\",\"@id\":\"https:\/\/turismoes.com.br\/portal\/?page_id=442\",\"url\":\"https:\/\/turismoes.com.br\/portal\/?page_id=442\",\"name\":\"COLUNISTAS - Turismo ES\",\"isPartOf\":{\"@id\":\"https:\/\/turismoes.com.br\/portal\/#website\"},\"primaryImageOfPage\":{\"@id\":\"https:\/\/turismoes.com.br\/portal\/?page_id=442#primaryimage\"},\"image\":{\"@id\":\"https:\/\/turismoes.com.br\/portal\/?page_id=442#primaryimage\"},\"thumbnailUrl\":\"https:\/\/turismoes.com.br\/portal\/wp-content\/uploads\/2024\/05\/fotogurgel-300x300.png\",\"datePublished\":\"2024-04-08T18:48:14+00:00\",\"dateModified\":\"2024-05-14T13:18:28+00:00\",\"breadcrumb\":{\"@id\":\"https:\/\/turismoes.com.br\/portal\/?page_id=442#breadcrumb\"},\"inLanguage\":\"pt-BR\",\"potentialAction\":[{\"@type\":\"ReadAction\",\"target\":[\"https:\/\/turismoes.com.br\/portal\/?page_id=442\"]}]},{\"@type\":\"ImageObject\",\"inLanguage\":\"pt-BR\",\"@id\":\"https:\/\/turismoes.com.br\/portal\/?page_id=442#primaryimage\",\"url\":\"https:\/\/turismoes.com.br\/portal\/wp-content\/uploads\/2024\/05\/fotogurgel.png?wsr\",\"contentUrl\":\"https:\/\/turismoes.com.br\/portal\/wp-content\/uploads\/2024\/05\/fotogurgel.png?wsr\",\"width\":1216,\"height\":1216},{\"@type\":\"BreadcrumbList\",\"@id\":\"https:\/\/turismoes.com.br\/portal\/?page_id=442#breadcrumb\",\"itemListElement\":[{\"@type\":\"ListItem\",\"position\":1,\"name\":\"In\u00edcio\",\"item\":\"https:\/\/turismoes.com.br\/portal\/\"},{\"@type\":\"ListItem\",\"position\":2,\"name\":\"COLUNISTAS\"}]},{\"@type\":\"WebSite\",\"@id\":\"https:\/\/turismoes.com.br\/portal\/#website\",\"url\":\"https:\/\/turismoes.com.br\/portal\/\",\"name\":\"Turismo ES\",\"description\":\"O seu portal de turismo do Espirito Santo\",\"publisher\":{\"@id\":\"https:\/\/turismoes.com.br\/portal\/#organization\"},\"alternateName\":\"Turismo Esp\u00edrito Santo\",\"potentialAction\":[{\"@type\":\"SearchAction\",\"target\":{\"@type\":\"EntryPoint\",\"urlTemplate\":\"https:\/\/turismoes.com.br\/portal\/?s={search_term_string}\"},\"query-input\":\"required name=search_term_string\"}],\"inLanguage\":\"pt-BR\"},{\"@type\":\"Organization\",\"@id\":\"https:\/\/turismoes.com.br\/portal\/#organization\",\"name\":\"Turismo ES\",\"alternateName\":\"Turismo Esp\u00edrito Santo\",\"url\":\"https:\/\/turismoes.com.br\/portal\/\",\"logo\":{\"@type\":\"ImageObject\",\"inLanguage\":\"pt-BR\",\"@id\":\"https:\/\/turismoes.com.br\/portal\/#\/schema\/logo\/image\/\",\"url\":\"https:\/\/turismoes.com.br\/portal\/wp-content\/uploads\/2024\/01\/logoturismo.png\",\"contentUrl\":\"https:\/\/turismoes.com.br\/portal\/wp-content\/uploads\/2024\/01\/logoturismo.png\",\"width\":511,\"height\":145,\"caption\":\"Turismo ES\"},\"image\":{\"@id\":\"https:\/\/turismoes.com.br\/portal\/#\/schema\/logo\/image\/\"},\"sameAs\":[\"https:\/\/www.instagram.com\/turismoestadoes\/\"]}]}<\/script>\n<!-- \/ Yoast SEO plugin. -->","yoast_head_json":{"title":"COLUNISTAS - Turismo ES","robots":{"index":"index","follow":"follow","max-snippet":"max-snippet:-1","max-image-preview":"max-image-preview:large","max-video-preview":"max-video-preview:-1"},"canonical":"https:\/\/turismoes.com.br\/portal\/?page_id=442","og_locale":"pt_BR","og_type":"article","og_title":"COLUNISTAS - Turismo ES","og_description":"Aqui, exploradores do Esp\u00edrito Santo compartilham suas perspectivas, insights e experi\u00eancias pessoais. Colunistas dedicados a revelar os segredos e encantos que tornam nossa terra t\u00e3o especial. Explore suas colunas e deixe-se inspirar pelas hist\u00f3rias cativantes, pelas dicas valiosas e pelas reflex\u00f5es profundas sobre a cultura, a natureza e a vida cotidiana em nosso estado. Cada colunista traz consigo uma paix\u00e3o \u00fanica pelo Esp\u00edrito Santo, enriquecendo nossa comunidade e proporcionando uma vis\u00e3o enriquecedora do que significa ser capixaba. Gurgel Guarapa Boy","og_url":"https:\/\/turismoes.com.br\/portal\/?page_id=442","og_site_name":"Turismo ES","article_modified_time":"2024-05-14T13:18:28+00:00","og_image":[{"url":"https:\/\/turismoes.com.br\/portal\/wp-content\/uploads\/2024\/05\/fotogurgel-300x300.png"}],"twitter_card":"summary_large_image","schema":{"@context":"https:\/\/schema.org","@graph":[{"@type":"WebPage","@id":"https:\/\/turismoes.com.br\/portal\/?page_id=442","url":"https:\/\/turismoes.com.br\/portal\/?page_id=442","name":"COLUNISTAS - Turismo ES","isPartOf":{"@id":"https:\/\/turismoes.com.br\/portal\/#website"},"primaryImageOfPage":{"@id":"https:\/\/turismoes.com.br\/portal\/?page_id=442#primaryimage"},"image":{"@id":"https:\/\/turismoes.com.br\/portal\/?page_id=442#primaryimage"},"thumbnailUrl":"https:\/\/turismoes.com.br\/portal\/wp-content\/uploads\/2024\/05\/fotogurgel-300x300.png","datePublished":"2024-04-08T18:48:14+00:00","dateModified":"2024-05-14T13:18:28+00:00","breadcrumb":{"@id":"https:\/\/turismoes.com.br\/portal\/?page_id=442#breadcrumb"},"inLanguage":"pt-BR","potentialAction":[{"@type":"ReadAction","target":["https:\/\/turismoes.com.br\/portal\/?page_id=442"]}]},{"@type":"ImageObject","inLanguage":"pt-BR","@id":"https:\/\/turismoes.com.br\/portal\/?page_id=442#primaryimage","url":"https:\/\/turismoes.com.br\/portal\/wp-content\/uploads\/2024\/05\/fotogurgel.png?wsr","contentUrl":"https:\/\/turismoes.com.br\/portal\/wp-content\/uploads\/2024\/05\/fotogurgel.png?wsr","width":1216,"height":1216},{"@type":"BreadcrumbList","@id":"https:\/\/turismoes.com.br\/portal\/?page_id=442#breadcrumb","itemListElement":[{"@type":"ListItem","position":1,"name":"In\u00edcio","item":"https:\/\/turismoes.com.br\/portal\/"},{"@type":"ListItem","position":2,"name":"COLUNISTAS"}]},{"@type":"WebSite","@id":"https:\/\/turismoes.com.br\/portal\/#website","url":"https:\/\/turismoes.com.br\/portal\/","name":"Turismo ES","description":"O seu portal de turismo do Espirito Santo","publisher":{"@id":"https:\/\/turismoes.com.br\/portal\/#organization"},"alternateName":"Turismo Esp\u00edrito Santo","potentialAction":[{"@type":"SearchAction","target":{"@type":"EntryPoint","urlTemplate":"https:\/\/turismoes.com.br\/portal\/?s={search_term_string}"},"query-input":"required name=search_term_string"}],"inLanguage":"pt-BR"},{"@type":"Organization","@id":"https:\/\/turismoes.com.br\/portal\/#organization","name":"Turismo ES","alternateName":"Turismo Esp\u00edrito Santo","url":"https:\/\/turismoes.com.br\/portal\/","logo":{"@type":"ImageObject","inLanguage":"pt-BR","@id":"https:\/\/turismoes.com.br\/portal\/#\/schema\/logo\/image\/","url":"https:\/\/turismoes.com.br\/portal\/wp-content\/uploads\/2024\/01\/logoturismo.png","contentUrl":"https:\/\/turismoes.com.br\/portal\/wp-content\/uploads\/2024\/01\/logoturismo.png","width":511,"height":145,"caption":"Turismo ES"},"image":{"@id":"https:\/\/turismoes.com.br\/portal\/#\/schema\/logo\/image\/"},"sameAs":["https:\/\/www.instagram.com\/turismoestadoes\/"]}]}},"_links":{"self":[{"href":"https:\/\/turismoes.com.br\/portal\/index.php?rest_route=\/wp\/v2\/pages\/442","targetHints":{"allow":["GET"]}}],"collection":[{"href":"https:\/\/turismoes.com.br\/portal\/index.php?rest_route=\/wp\/v2\/pages"}],"about":[{"href":"https:\/\/turismoes.com.br\/portal\/index.php?rest_route=\/wp\/v2\/types\/page"}],"author":[{"embeddable":true,"href":"https:\/\/turismoes.com.br\/portal\/index.php?rest_route=\/wp\/v2\/users\/4"}],"replies":[{"embeddable":true,"href":"https:\/\/turismoes.com.br\/portal\/index.php?rest_route=%2Fwp%2Fv2%2Fcomments&post=442"}],"version-history":[{"count":20,"href":"https:\/\/turismoes.com.br\/portal\/index.php?rest_route=\/wp\/v2\/pages\/442\/revisions"}],"predecessor-version":[{"id":1882,"href":"https:\/\/turismoes.com.br\/portal\/index.php?rest_route=\/wp\/v2\/pages\/442\/revisions\/1882"}],"wp:attachment":[{"href":"https:\/\/turismoes.com.br\/portal\/index.php?rest_route=%2Fwp%2Fv2%2Fmedia&parent=442"}],"curies":[{"name":"wp","href":"https:\/\/api.w.org\/{rel}","templated":true}]}}