{"id":420,"date":"2024-04-03T18:23:48","date_gmt":"2024-04-03T21:23:48","guid":{"rendered":"https:\/\/turismoes.com.br\/portal\/?page_id=420"},"modified":"2024-06-07T07:48:02","modified_gmt":"2024-06-07T10:48:02","slug":"turismo-es","status":"publish","type":"page","link":"https:\/\/turismoes.com.br\/portal\/?page_id=420","title":{"rendered":"Turismo ES"},"content":{"rendered":"\t\t<div data-elementor-type=\"wp-page\" data-elementor-id=\"420\" class=\"elementor elementor-420\">\n\t\t\t\t<div class=\"elementor-element elementor-element-8349ed2 e-flex e-con-boxed wpr-particle-no wpr-jarallax-no wpr-parallax-no wpr-sticky-section-no e-con e-parent\" data-id=\"8349ed2\" data-element_type=\"container\">\n\t\t\t\t\t<div class=\"e-con-inner\">\n\t\t\t\t<div class=\"elementor-element elementor-element-8c0f12f elementor-widget elementor-widget-heading\" data-id=\"8c0f12f\" data-element_type=\"widget\" data-widget_type=\"heading.default\">\n\t\t\t\t<div class=\"elementor-widget-container\">\n\t\t\t<style>\/*! elementor - v3.23.0 - 25-07-2024 *\/\n.elementor-heading-title{padding:0;margin:0;line-height:1}.elementor-widget-heading .elementor-heading-title[class*=elementor-size-]>a{color:inherit;font-size:inherit;line-height:inherit}.elementor-widget-heading .elementor-heading-title.elementor-size-small{font-size:15px}.elementor-widget-heading .elementor-heading-title.elementor-size-medium{font-size:19px}.elementor-widget-heading .elementor-heading-title.elementor-size-large{font-size:29px}.elementor-widget-heading .elementor-heading-title.elementor-size-xl{font-size:39px}.elementor-widget-heading .elementor-heading-title.elementor-size-xxl{font-size:59px}<\/style><h1 class=\"elementor-heading-title elementor-size-default\">Turismo ES<\/h1>\t\t<\/div>\n\t\t\t\t<\/div>\n\t\t\t\t<div class=\"elementor-element elementor-element-7c4b772 elementor-widget-divider--separator-type-pattern elementor-widget-divider--view-line elementor-widget elementor-widget-divider\" data-id=\"7c4b772\" data-element_type=\"widget\" data-widget_type=\"divider.default\">\n\t\t\t\t<div class=\"elementor-widget-container\">\n\t\t\t<style>\/*! elementor - v3.23.0 - 25-07-2024 *\/\n.elementor-widget-divider{--divider-border-style:none;--divider-border-width:1px;--divider-color:#0c0d0e;--divider-icon-size:20px;--divider-element-spacing:10px;--divider-pattern-height:24px;--divider-pattern-size:20px;--divider-pattern-url:none;--divider-pattern-repeat:repeat-x}.elementor-widget-divider .elementor-divider{display:flex}.elementor-widget-divider .elementor-divider__text{font-size:15px;line-height:1;max-width:95%}.elementor-widget-divider .elementor-divider__element{margin:0 var(--divider-element-spacing);flex-shrink:0}.elementor-widget-divider .elementor-icon{font-size:var(--divider-icon-size)}.elementor-widget-divider .elementor-divider-separator{display:flex;margin:0;direction:ltr}.elementor-widget-divider--view-line_icon .elementor-divider-separator,.elementor-widget-divider--view-line_text .elementor-divider-separator{align-items:center}.elementor-widget-divider--view-line_icon .elementor-divider-separator:after,.elementor-widget-divider--view-line_icon .elementor-divider-separator:before,.elementor-widget-divider--view-line_text .elementor-divider-separator:after,.elementor-widget-divider--view-line_text .elementor-divider-separator:before{display:block;content:\"\";border-block-end:0;flex-grow:1;border-block-start:var(--divider-border-width) var(--divider-border-style) var(--divider-color)}.elementor-widget-divider--element-align-left .elementor-divider .elementor-divider-separator>.elementor-divider__svg:first-of-type{flex-grow:0;flex-shrink:100}.elementor-widget-divider--element-align-left .elementor-divider-separator:before{content:none}.elementor-widget-divider--element-align-left .elementor-divider__element{margin-left:0}.elementor-widget-divider--element-align-right .elementor-divider .elementor-divider-separator>.elementor-divider__svg:last-of-type{flex-grow:0;flex-shrink:100}.elementor-widget-divider--element-align-right .elementor-divider-separator:after{content:none}.elementor-widget-divider--element-align-right .elementor-divider__element{margin-right:0}.elementor-widget-divider--element-align-start .elementor-divider .elementor-divider-separator>.elementor-divider__svg:first-of-type{flex-grow:0;flex-shrink:100}.elementor-widget-divider--element-align-start .elementor-divider-separator:before{content:none}.elementor-widget-divider--element-align-start .elementor-divider__element{margin-inline-start:0}.elementor-widget-divider--element-align-end .elementor-divider .elementor-divider-separator>.elementor-divider__svg:last-of-type{flex-grow:0;flex-shrink:100}.elementor-widget-divider--element-align-end .elementor-divider-separator:after{content:none}.elementor-widget-divider--element-align-end .elementor-divider__element{margin-inline-end:0}.elementor-widget-divider:not(.elementor-widget-divider--view-line_text):not(.elementor-widget-divider--view-line_icon) .elementor-divider-separator{border-block-start:var(--divider-border-width) var(--divider-border-style) var(--divider-color)}.elementor-widget-divider--separator-type-pattern{--divider-border-style:none}.elementor-widget-divider--separator-type-pattern.elementor-widget-divider--view-line .elementor-divider-separator,.elementor-widget-divider--separator-type-pattern:not(.elementor-widget-divider--view-line) .elementor-divider-separator:after,.elementor-widget-divider--separator-type-pattern:not(.elementor-widget-divider--view-line) .elementor-divider-separator:before,.elementor-widget-divider--separator-type-pattern:not([class*=elementor-widget-divider--view]) .elementor-divider-separator{width:100%;min-height:var(--divider-pattern-height);-webkit-mask-size:var(--divider-pattern-size) 100%;mask-size:var(--divider-pattern-size) 100%;-webkit-mask-repeat:var(--divider-pattern-repeat);mask-repeat:var(--divider-pattern-repeat);background-color:var(--divider-color);-webkit-mask-image:var(--divider-pattern-url);mask-image:var(--divider-pattern-url)}.elementor-widget-divider--no-spacing{--divider-pattern-size:auto}.elementor-widget-divider--bg-round{--divider-pattern-repeat:round}.rtl .elementor-widget-divider .elementor-divider__text{direction:rtl}.e-con-inner>.elementor-widget-divider,.e-con>.elementor-widget-divider{width:var(--container-widget-width,100%);--flex-grow:var(--container-widget-flex-grow)}<\/style>\t\t<div class=\"elementor-divider\" style=\"--divider-pattern-url: url(&quot;data:image\/svg+xml,%3Csvg xmlns=&#039;http:\/\/www.w3.org\/2000\/svg&#039; preserveAspectRatio=&#039;none&#039; overflow=&#039;visible&#039; height=&#039;100%&#039; viewBox=&#039;0 0 24 24&#039; fill=&#039;none&#039; stroke=&#039;black&#039; stroke-width=&#039;1.9&#039; stroke-linecap=&#039;square&#039; stroke-miterlimit=&#039;10&#039;%3E%3Cpath d=&#039;M0,6c6,0,0.9,11.1,6.9,11.1S18,6,24,6&#039;\/%3E%3C\/svg%3E&quot;);\">\n\t\t\t<span class=\"elementor-divider-separator\">\n\t\t\t\t\t\t<\/span>\n\t\t<\/div>\n\t\t\t\t<\/div>\n\t\t\t\t<\/div>\n\t\t\t\t\t<\/div>\n\t\t\t\t<\/div>\n\t\t<div class=\"elementor-element elementor-element-ea72eea e-flex e-con-boxed wpr-particle-no wpr-jarallax-no wpr-parallax-no wpr-sticky-section-no e-con e-parent\" data-id=\"ea72eea\" data-element_type=\"container\">\n\t\t\t\t\t<div class=\"e-con-inner\">\n\t\t\t\t<div class=\"elementor-element elementor-element-32feb5e elementor-widget elementor-widget-text-editor\" data-id=\"32feb5e\" data-element_type=\"widget\" data-widget_type=\"text-editor.default\">\n\t\t\t\t<div class=\"elementor-widget-container\">\n\t\t\t<style>\/*! elementor - v3.23.0 - 25-07-2024 *\/\n.elementor-widget-text-editor.elementor-drop-cap-view-stacked .elementor-drop-cap{background-color:#69727d;color:#fff}.elementor-widget-text-editor.elementor-drop-cap-view-framed .elementor-drop-cap{color:#69727d;border:3px solid;background-color:transparent}.elementor-widget-text-editor:not(.elementor-drop-cap-view-default) .elementor-drop-cap{margin-top:8px}.elementor-widget-text-editor:not(.elementor-drop-cap-view-default) .elementor-drop-cap-letter{width:1em;height:1em}.elementor-widget-text-editor .elementor-drop-cap{float:left;text-align:center;line-height:1;font-size:50px}.elementor-widget-text-editor .elementor-drop-cap-letter{display:inline-block}<\/style>\t\t\t\t<p>O Turismo ES \u00e9 o seu companheiro de viagem para explorar as belezas naturais do Estado do Esp\u00edrito Santo! Aqui, mergulhe em um mundo de praias paradis\u00edacas e montanhas majestosas, onde cada paisagem conta uma hist\u00f3ria de beleza e serenidade.<\/p><p>Imagine-se caminhando pelas areias douradas de Guarapari, onde as \u00e1guas cristalinas convidam para um mergulho revigorante. Ou aventurando-se pelas trilhas verdejantes de Domingos Martins, onde a Mata Atl\u00e2ntica revela seus segredos mais bem guardados. No Turismo ES, cada clique \u00e9 uma viagem virtual para as maravilhas do Esp\u00edrito Santo.<\/p><p>Nosso site \u00e9 mais do que apenas um guia de viagens. \u00c9 um portal em constante atualiza\u00e7\u00e3o, trazendo o m\u00e1ximo de informa\u00e7\u00f5es tur\u00edsticas sobre o Esp\u00edrito Santo em um s\u00f3 lugar. Queremos ser o seu destino \u00fanico para descobrir as melhores praias, os melhores passeios, e os segredos mais bem guardados deste estado encantador.<\/p><p>Ent\u00e3o, junte-se a n\u00f3s e embarque nesta jornada de descoberta. Explore, sonhe, e deixe-se encantar pela riqueza natural e cultural do Esp\u00edrito Santo. O Turismo ES est\u00e1 aqui para gui\u00e1-lo em cada passo da sua aventura capixaba.<\/p><p>Venha conosco e descubra o que torna este estado t\u00e3o especial!<\/p>\t\t\t\t\t\t<\/div>\n\t\t\t\t<\/div>\n\t\t\t\t\t<\/div>\n\t\t\t\t<\/div>\n\t\t\t\t<\/div>\n\t\t","protected":false},"excerpt":{"rendered":"<p>Turismo ES O Turismo ES \u00e9 o seu companheiro de viagem para explorar as belezas naturais do Estado do Esp\u00edrito Santo! Aqui, mergulhe em um mundo de praias paradis\u00edacas e montanhas majestosas, onde cada paisagem conta uma hist\u00f3ria de beleza e serenidade. Imagine-se caminhando pelas areias douradas de Guarapari, onde as \u00e1guas cristalinas convidam para um mergulho revigorante. Ou aventurando-se pelas trilhas verdejantes de Domingos Martins, onde a Mata Atl\u00e2ntica revela seus segredos mais bem guardados. No Turismo ES, cada clique \u00e9 uma viagem virtual para as maravilhas do Esp\u00edrito Santo. Nosso site \u00e9 mais do que apenas um guia de viagens. \u00c9 um portal em constante atualiza\u00e7\u00e3o, trazendo o m\u00e1ximo de informa\u00e7\u00f5es tur\u00edsticas sobre o Esp\u00edrito Santo em um s\u00f3 lugar. Queremos ser o seu destino \u00fanico para descobrir as melhores praias, os melhores passeios, e os segredos mais bem guardados deste estado encantador. Ent\u00e3o, junte-se a n\u00f3s e embarque nesta jornada de descoberta. Explore, sonhe, e deixe-se encantar pela riqueza natural e cultural do Esp\u00edrito Santo. O Turismo ES est\u00e1 aqui para gui\u00e1-lo em cada passo da sua aventura capixaba. Venha conosco e descubra o que torna este estado t\u00e3o especial!<\/p>\n","protected":false},"author":4,"featured_media":0,"parent":0,"menu_order":0,"comment_status":"closed","ping_status":"closed","template":"","meta":{"_joinchat":[],"footnotes":""},"class_list":["post-420","page","type-page","status-publish","hentry"],"yoast_head":"<!-- This site is optimized with the Yoast SEO plugin v23.1 - https:\/\/yoast.com\/wordpress\/plugins\/seo\/ -->\n<title>Turismo ES - Turismo ES<\/title>\n<meta name=\"robots\" content=\"index, follow, max-snippet:-1, max-image-preview:large, max-video-preview:-1\" \/>\n<link rel=\"canonical\" href=\"https:\/\/turismoes.com.br\/portal\/?page_id=420\" \/>\n<meta property=\"og:locale\" content=\"pt_BR\" \/>\n<meta property=\"og:type\" content=\"article\" \/>\n<meta property=\"og:title\" content=\"Turismo ES - Turismo ES\" \/>\n<meta property=\"og:description\" content=\"Turismo ES O Turismo ES \u00e9 o seu companheiro de viagem para explorar as belezas naturais do Estado do Esp\u00edrito Santo! Aqui, mergulhe em um mundo de praias paradis\u00edacas e montanhas majestosas, onde cada paisagem conta uma hist\u00f3ria de beleza e serenidade. Imagine-se caminhando pelas areias douradas de Guarapari, onde as \u00e1guas cristalinas convidam para um mergulho revigorante. Ou aventurando-se pelas trilhas verdejantes de Domingos Martins, onde a Mata Atl\u00e2ntica revela seus segredos mais bem guardados. No Turismo ES, cada clique \u00e9 uma viagem virtual para as maravilhas do Esp\u00edrito Santo. Nosso site \u00e9 mais do que apenas um guia de viagens. \u00c9 um portal em constante atualiza\u00e7\u00e3o, trazendo o m\u00e1ximo de informa\u00e7\u00f5es tur\u00edsticas sobre o Esp\u00edrito Santo em um s\u00f3 lugar. Queremos ser o seu destino \u00fanico para descobrir as melhores praias, os melhores passeios, e os segredos mais bem guardados deste estado encantador. Ent\u00e3o, junte-se a n\u00f3s e embarque nesta jornada de descoberta. Explore, sonhe, e deixe-se encantar pela riqueza natural e cultural do Esp\u00edrito Santo. O Turismo ES est\u00e1 aqui para gui\u00e1-lo em cada passo da sua aventura capixaba. Venha conosco e descubra o que torna este estado t\u00e3o especial!\" \/>\n<meta property=\"og:url\" content=\"https:\/\/turismoes.com.br\/portal\/?page_id=420\" \/>\n<meta property=\"og:site_name\" content=\"Turismo ES\" \/>\n<meta property=\"article:modified_time\" content=\"2024-06-07T10:48:02+00:00\" \/>\n<meta property=\"og:image\" content=\"https:\/\/turismoes.com.br\/portal\/wp-content\/uploads\/2024\/07\/Capa.png?wsr\" \/>\n\t<meta property=\"og:image:width\" content=\"1393\" \/>\n\t<meta property=\"og:image:height\" content=\"906\" \/>\n\t<meta property=\"og:image:type\" content=\"image\/png\" \/>\n<meta name=\"twitter:card\" content=\"summary_large_image\" \/>\n<meta name=\"twitter:label1\" content=\"Est. tempo de leitura\" \/>\n\t<meta name=\"twitter:data1\" content=\"1 minuto\" \/>\n<script type=\"application\/ld+json\" class=\"yoast-schema-graph\">{\"@context\":\"https:\/\/schema.org\",\"@graph\":[{\"@type\":\"WebPage\",\"@id\":\"https:\/\/turismoes.com.br\/portal\/?page_id=420\",\"url\":\"https:\/\/turismoes.com.br\/portal\/?page_id=420\",\"name\":\"Turismo ES - Turismo ES\",\"isPartOf\":{\"@id\":\"https:\/\/turismoes.com.br\/portal\/#website\"},\"datePublished\":\"2024-04-03T21:23:48+00:00\",\"dateModified\":\"2024-06-07T10:48:02+00:00\",\"breadcrumb\":{\"@id\":\"https:\/\/turismoes.com.br\/portal\/?page_id=420#breadcrumb\"},\"inLanguage\":\"pt-BR\",\"potentialAction\":[{\"@type\":\"ReadAction\",\"target\":[\"https:\/\/turismoes.com.br\/portal\/?page_id=420\"]}]},{\"@type\":\"BreadcrumbList\",\"@id\":\"https:\/\/turismoes.com.br\/portal\/?page_id=420#breadcrumb\",\"itemListElement\":[{\"@type\":\"ListItem\",\"position\":1,\"name\":\"In\u00edcio\",\"item\":\"https:\/\/turismoes.com.br\/portal\/\"},{\"@type\":\"ListItem\",\"position\":2,\"name\":\"Turismo ES\"}]},{\"@type\":\"WebSite\",\"@id\":\"https:\/\/turismoes.com.br\/portal\/#website\",\"url\":\"https:\/\/turismoes.com.br\/portal\/\",\"name\":\"Turismo ES\",\"description\":\"O seu portal de turismo do Espirito Santo\",\"publisher\":{\"@id\":\"https:\/\/turismoes.com.br\/portal\/#organization\"},\"alternateName\":\"Turismo Esp\u00edrito Santo\",\"potentialAction\":[{\"@type\":\"SearchAction\",\"target\":{\"@type\":\"EntryPoint\",\"urlTemplate\":\"https:\/\/turismoes.com.br\/portal\/?s={search_term_string}\"},\"query-input\":\"required name=search_term_string\"}],\"inLanguage\":\"pt-BR\"},{\"@type\":\"Organization\",\"@id\":\"https:\/\/turismoes.com.br\/portal\/#organization\",\"name\":\"Turismo ES\",\"alternateName\":\"Turismo Esp\u00edrito Santo\",\"url\":\"https:\/\/turismoes.com.br\/portal\/\",\"logo\":{\"@type\":\"ImageObject\",\"inLanguage\":\"pt-BR\",\"@id\":\"https:\/\/turismoes.com.br\/portal\/#\/schema\/logo\/image\/\",\"url\":\"https:\/\/turismoes.com.br\/portal\/wp-content\/uploads\/2024\/01\/logoturismo.png\",\"contentUrl\":\"https:\/\/turismoes.com.br\/portal\/wp-content\/uploads\/2024\/01\/logoturismo.png\",\"width\":511,\"height\":145,\"caption\":\"Turismo ES\"},\"image\":{\"@id\":\"https:\/\/turismoes.com.br\/portal\/#\/schema\/logo\/image\/\"},\"sameAs\":[\"https:\/\/www.instagram.com\/turismoestadoes\/\"]}]}<\/script>\n<!-- \/ Yoast SEO plugin. -->","yoast_head_json":{"title":"Turismo ES - Turismo ES","robots":{"index":"index","follow":"follow","max-snippet":"max-snippet:-1","max-image-preview":"max-image-preview:large","max-video-preview":"max-video-preview:-1"},"canonical":"https:\/\/turismoes.com.br\/portal\/?page_id=420","og_locale":"pt_BR","og_type":"article","og_title":"Turismo ES - Turismo ES","og_description":"Turismo ES O Turismo ES \u00e9 o seu companheiro de viagem para explorar as belezas naturais do Estado do Esp\u00edrito Santo! Aqui, mergulhe em um mundo de praias paradis\u00edacas e montanhas majestosas, onde cada paisagem conta uma hist\u00f3ria de beleza e serenidade. Imagine-se caminhando pelas areias douradas de Guarapari, onde as \u00e1guas cristalinas convidam para um mergulho revigorante. Ou aventurando-se pelas trilhas verdejantes de Domingos Martins, onde a Mata Atl\u00e2ntica revela seus segredos mais bem guardados. No Turismo ES, cada clique \u00e9 uma viagem virtual para as maravilhas do Esp\u00edrito Santo. Nosso site \u00e9 mais do que apenas um guia de viagens. \u00c9 um portal em constante atualiza\u00e7\u00e3o, trazendo o m\u00e1ximo de informa\u00e7\u00f5es tur\u00edsticas sobre o Esp\u00edrito Santo em um s\u00f3 lugar. Queremos ser o seu destino \u00fanico para descobrir as melhores praias, os melhores passeios, e os segredos mais bem guardados deste estado encantador. Ent\u00e3o, junte-se a n\u00f3s e embarque nesta jornada de descoberta. Explore, sonhe, e deixe-se encantar pela riqueza natural e cultural do Esp\u00edrito Santo. O Turismo ES est\u00e1 aqui para gui\u00e1-lo em cada passo da sua aventura capixaba. Venha conosco e descubra o que torna este estado t\u00e3o especial!","og_url":"https:\/\/turismoes.com.br\/portal\/?page_id=420","og_site_name":"Turismo ES","article_modified_time":"2024-06-07T10:48:02+00:00","og_image":[{"width":1393,"height":906,"url":"https:\/\/turismoes.com.br\/portal\/wp-content\/uploads\/2024\/07\/Capa.png?wsr","type":"image\/png"}],"twitter_card":"summary_large_image","twitter_misc":{"Est. tempo de leitura":"1 minuto"},"schema":{"@context":"https:\/\/schema.org","@graph":[{"@type":"WebPage","@id":"https:\/\/turismoes.com.br\/portal\/?page_id=420","url":"https:\/\/turismoes.com.br\/portal\/?page_id=420","name":"Turismo ES - Turismo ES","isPartOf":{"@id":"https:\/\/turismoes.com.br\/portal\/#website"},"datePublished":"2024-04-03T21:23:48+00:00","dateModified":"2024-06-07T10:48:02+00:00","breadcrumb":{"@id":"https:\/\/turismoes.com.br\/portal\/?page_id=420#breadcrumb"},"inLanguage":"pt-BR","potentialAction":[{"@type":"ReadAction","target":["https:\/\/turismoes.com.br\/portal\/?page_id=420"]}]},{"@type":"BreadcrumbList","@id":"https:\/\/turismoes.com.br\/portal\/?page_id=420#breadcrumb","itemListElement":[{"@type":"ListItem","position":1,"name":"In\u00edcio","item":"https:\/\/turismoes.com.br\/portal\/"},{"@type":"ListItem","position":2,"name":"Turismo ES"}]},{"@type":"WebSite","@id":"https:\/\/turismoes.com.br\/portal\/#website","url":"https:\/\/turismoes.com.br\/portal\/","name":"Turismo ES","description":"O seu portal de turismo do Espirito Santo","publisher":{"@id":"https:\/\/turismoes.com.br\/portal\/#organization"},"alternateName":"Turismo Esp\u00edrito Santo","potentialAction":[{"@type":"SearchAction","target":{"@type":"EntryPoint","urlTemplate":"https:\/\/turismoes.com.br\/portal\/?s={search_term_string}"},"query-input":"required name=search_term_string"}],"inLanguage":"pt-BR"},{"@type":"Organization","@id":"https:\/\/turismoes.com.br\/portal\/#organization","name":"Turismo ES","alternateName":"Turismo Esp\u00edrito Santo","url":"https:\/\/turismoes.com.br\/portal\/","logo":{"@type":"ImageObject","inLanguage":"pt-BR","@id":"https:\/\/turismoes.com.br\/portal\/#\/schema\/logo\/image\/","url":"https:\/\/turismoes.com.br\/portal\/wp-content\/uploads\/2024\/01\/logoturismo.png","contentUrl":"https:\/\/turismoes.com.br\/portal\/wp-content\/uploads\/2024\/01\/logoturismo.png","width":511,"height":145,"caption":"Turismo ES"},"image":{"@id":"https:\/\/turismoes.com.br\/portal\/#\/schema\/logo\/image\/"},"sameAs":["https:\/\/www.instagram.com\/turismoestadoes\/"]}]}},"_links":{"self":[{"href":"https:\/\/turismoes.com.br\/portal\/index.php?rest_route=\/wp\/v2\/pages\/420","targetHints":{"allow":["GET"]}}],"collection":[{"href":"https:\/\/turismoes.com.br\/portal\/index.php?rest_route=\/wp\/v2\/pages"}],"about":[{"href":"https:\/\/turismoes.com.br\/portal\/index.php?rest_route=\/wp\/v2\/types\/page"}],"author":[{"embeddable":true,"href":"https:\/\/turismoes.com.br\/portal\/index.php?rest_route=\/wp\/v2\/users\/4"}],"replies":[{"embeddable":true,"href":"https:\/\/turismoes.com.br\/portal\/index.php?rest_route=%2Fwp%2Fv2%2Fcomments&post=420"}],"version-history":[{"count":7,"href":"https:\/\/turismoes.com.br\/portal\/index.php?rest_route=\/wp\/v2\/pages\/420\/revisions"}],"predecessor-version":[{"id":3016,"href":"https:\/\/turismoes.com.br\/portal\/index.php?rest_route=\/wp\/v2\/pages\/420\/revisions\/3016"}],"wp:attachment":[{"href":"https:\/\/turismoes.com.br\/portal\/index.php?rest_route=%2Fwp%2Fv2%2Fmedia&parent=420"}],"curies":[{"name":"wp","href":"https:\/\/api.w.org\/{rel}","templated":true}]}}